{"id":531,"date":"2018-12-15T14:49:27","date_gmt":"2018-12-15T14:49:27","guid":{"rendered":"http:\/\/www.urlaubimzillertal.info\/?page_id=531"},"modified":"2025-07-28T17:31:56","modified_gmt":"2025-07-28T15:31:56","slug":"faq","status":"publish","type":"page","link":"https:\/\/ixisailing.com\/hu\/faq\/","title":{"rendered":"FAQ"},"content":{"rendered":"<div data-elementor-type=\"wp-page\" data-elementor-id=\"531\" class=\"elementor elementor-531\">\n\t\t\t\t\t\t<section class=\"elementor-section elementor-top-section elementor-element elementor-element-9e7c1a7 elementor-section-boxed elementor-section-height-default elementor-section-height-default\" data-id=\"9e7c1a7\" data-element_type=\"section\">\n\t\t\t\t\t\t<div class=\"elementor-container elementor-column-gap-default\">\n\t\t\t\t\t<div class=\"elementor-column elementor-col-100 elementor-top-column elementor-element elementor-element-3958790\" data-id=\"3958790\" data-element_type=\"column\">\n\t\t\t<div class=\"elementor-widget-wrap elementor-element-populated\">\n\t\t\t\t\t\t<div class=\"elementor-element elementor-element-55ac6c8 elementor-widget elementor-widget-accordion\" data-id=\"55ac6c8\" data-element_type=\"widget\" data-widget_type=\"accordion.default\">\n\t\t\t\t<div class=\"elementor-widget-container\">\n\t\t\t\t\t\t\t<div class=\"elementor-accordion\">\n\t\t\t\t\t\t\t<div class=\"elementor-accordion-item\">\n\t\t\t\t\t<div id=\"elementor-tab-title-8981\" class=\"elementor-tab-title\" data-tab=\"1\" role=\"button\" aria-controls=\"elementor-tab-content-8981\" aria-expanded=\"false\">\n\t\t\t\t\t\t\t\t\t\t\t\t\t<span class=\"elementor-accordion-icon elementor-accordion-icon-left\" aria-hidden=\"true\">\n\t\t\t\t\t\t\t\t\t\t\t\t\t\t\t<span class=\"elementor-accordion-icon-closed\"><i class=\"fas fa-plus\"><\/i><\/span>\n\t\t\t\t\t\t\t\t<span class=\"elementor-accordion-icon-opened\"><i class=\"fas fa-minus\"><\/i><\/span>\n\t\t\t\t\t\t\t\t\t\t\t\t\t\t<\/span>\n\t\t\t\t\t\t\t\t\t\t\t\t<a class=\"elementor-accordion-title\" tabindex=\"0\">Hogyan tudok rendelni?<\/a>\n\t\t\t\t\t<\/div>\n\t\t\t\t\t<div id=\"elementor-tab-content-8981\" class=\"elementor-tab-content elementor-clearfix\" data-tab=\"1\" role=\"region\" aria-labelledby=\"elementor-tab-title-8981\"><div><p class=\"Standard\"><span lang=\"HU\">E-mailben tudjuk fogadni a megrendel\u00e9s\u00e9t. K\u00e9rj\u00fck, adja meg a haj\u00f3ja t\u00edpus\u00e1t \u00e9s \u00e9vj\u00e1rat\u00e1t, valamint az e-mail c\u00edm\u00e9t. \u00d6r\u00f6mmel v\u00e1laszolunk.<\/span><\/p><\/div><\/div>\n\t\t\t\t<\/div>\n\t\t\t\t\t\t\t<div class=\"elementor-accordion-item\">\n\t\t\t\t\t<div id=\"elementor-tab-title-8982\" class=\"elementor-tab-title\" data-tab=\"2\" role=\"button\" aria-controls=\"elementor-tab-content-8982\" aria-expanded=\"false\">\n\t\t\t\t\t\t\t\t\t\t\t\t\t<span class=\"elementor-accordion-icon elementor-accordion-icon-left\" aria-hidden=\"true\">\n\t\t\t\t\t\t\t\t\t\t\t\t\t\t\t<span class=\"elementor-accordion-icon-closed\"><i class=\"fas fa-plus\"><\/i><\/span>\n\t\t\t\t\t\t\t\t<span class=\"elementor-accordion-icon-opened\"><i class=\"fas fa-minus\"><\/i><\/span>\n\t\t\t\t\t\t\t\t\t\t\t\t\t\t<\/span>\n\t\t\t\t\t\t\t\t\t\t\t\t<a class=\"elementor-accordion-title\" tabindex=\"0\">Mennyibe ker\u00fcl a term\u00e9k?<\/a>\n\t\t\t\t\t<\/div>\n\t\t\t\t\t<div id=\"elementor-tab-content-8982\" class=\"elementor-tab-content elementor-clearfix\" data-tab=\"2\" role=\"region\" aria-labelledby=\"elementor-tab-title-8982\"><div><p class=\"Standard\"><span lang=\"HU\">E-mailben tudjuk fogadni a megrendel\u00e9s\u00e9t. K\u00e9rj\u00fck, adja meg a haj\u00f3ja t\u00edpus\u00e1t \u00e9s \u00e9vj\u00e1rat\u00e1t, valamint az e-mail c\u00edm\u00e9t. \u00d6r\u00f6mmel v\u00e1laszolunk.<\/span><\/p><\/div><\/div>\n\t\t\t\t<\/div>\n\t\t\t\t\t\t\t<div class=\"elementor-accordion-item\">\n\t\t\t\t\t<div id=\"elementor-tab-title-8983\" class=\"elementor-tab-title\" data-tab=\"3\" role=\"button\" aria-controls=\"elementor-tab-content-8983\" aria-expanded=\"false\">\n\t\t\t\t\t\t\t\t\t\t\t\t\t<span class=\"elementor-accordion-icon elementor-accordion-icon-left\" aria-hidden=\"true\">\n\t\t\t\t\t\t\t\t\t\t\t\t\t\t\t<span class=\"elementor-accordion-icon-closed\"><i class=\"fas fa-plus\"><\/i><\/span>\n\t\t\t\t\t\t\t\t<span class=\"elementor-accordion-icon-opened\"><i class=\"fas fa-minus\"><\/i><\/span>\n\t\t\t\t\t\t\t\t\t\t\t\t\t\t<\/span>\n\t\t\t\t\t\t\t\t\t\t\t\t<a class=\"elementor-accordion-title\" tabindex=\"0\">Mennyi a sz\u00e1ll\u00edt\u00e1si id\u0151?<\/a>\n\t\t\t\t\t<\/div>\n\t\t\t\t\t<div id=\"elementor-tab-content-8983\" class=\"elementor-tab-content elementor-clearfix\" data-tab=\"3\" role=\"region\" aria-labelledby=\"elementor-tab-title-8983\"><div><p class=\"Standard\"><span lang=\"HU\">Azokhoz a t\u00edpus\u00fa haj\u00f3khoz melyeknek platformj\u00e1hoz elk\u00e9sz\u00fclt a gy\u00e1rt\u00e1si szersz\u00e1m, a megrendel\u00e9s be\u00e9rkez\u00e9s\u00e9t\u0151l sz\u00e1m\u00edtva a gy\u00e1rt\u00e1si id\u0151 4-8 h\u00e9t plusz a sz\u00e1ll\u00edt\u00e1si id\u0151.<\/span><\/p><\/div><div><p class=\"Standard\"><span lang=\"HU\">A 4-8 h\u00e9t gy\u00e1rt\u00e1si id\u0151t a megrendel\u00e9s \u00f6sszeg\u00e9nek be\u00e9rkez\u00e9se \u00e9s a megrendel\u00e9s visszaigazol\u00e1sa ut\u00e1n sz\u00e1m\u00edtjuk. Err\u0151l t\u00e1j\u00e9koztatjuk e-mail ben.<\/span><\/p><\/div><div><p class=\"Standard\"><span lang=\"HU\"><br \/>K\u00e9rj\u00fck vegye figyelembe a plusz sz\u00e1ll\u00edt\u00e1si id\u0151t, mely orsz\u00e1gonk\u00e9nt elt\u00e9r\u0151.<\/span><\/p><\/div><\/div>\n\t\t\t\t<\/div>\n\t\t\t\t\t\t\t<div class=\"elementor-accordion-item\">\n\t\t\t\t\t<div id=\"elementor-tab-title-8984\" class=\"elementor-tab-title\" data-tab=\"4\" role=\"button\" aria-controls=\"elementor-tab-content-8984\" aria-expanded=\"false\">\n\t\t\t\t\t\t\t\t\t\t\t\t\t<span class=\"elementor-accordion-icon elementor-accordion-icon-left\" aria-hidden=\"true\">\n\t\t\t\t\t\t\t\t\t\t\t\t\t\t\t<span class=\"elementor-accordion-icon-closed\"><i class=\"fas fa-plus\"><\/i><\/span>\n\t\t\t\t\t\t\t\t<span class=\"elementor-accordion-icon-opened\"><i class=\"fas fa-minus\"><\/i><\/span>\n\t\t\t\t\t\t\t\t\t\t\t\t\t\t<\/span>\n\t\t\t\t\t\t\t\t\t\t\t\t<a class=\"elementor-accordion-title\" tabindex=\"0\">Mennyire neh\u00e9z felszerelni?<\/a>\n\t\t\t\t\t<\/div>\n\t\t\t\t\t<div id=\"elementor-tab-content-8984\" class=\"elementor-tab-content elementor-clearfix\" data-tab=\"4\" role=\"region\" aria-labelledby=\"elementor-tab-title-8984\"><div><p class=\"Standard\"><span lang=\"HU\">K\u00e9rj\u00fck a swimplatform felszerel\u00e9s\u00e9t szaktud\u00e1ssal rendelkez\u0151 szakemberrel felszereltetni. Amennyiben saj\u00e1tmaga rendelkezik bark\u00e1csol\u00e1si k\u00e9szs\u00e9gekkel k\u00e9rj\u00fck vegye figyelembe, hogy a felszerel\u00e9si neh\u00e9zs\u00e9g kb 10\/8, \u00e9s k\u00e9t szem\u00e9ly sz\u00fcks\u00e9ges hozz\u00e1. A felszerel\u00e9shez  a megrendel\u0151knek install\u00e1ci\u00f3s vide\u00f3t k\u00fcld\u00fcnk. A haj\u00f3 kapit\u00e1nya tartozik felel\u0151ss\u00e9ggel a haszn\u00e1lat\u00e9rt. A felszerel\u00e9s\u00e9rt a haj\u00f3 tulajdonosa a felel\u0151s.<\/span><\/p><\/div><div><p class=\"Standard\"><span lang=\"HU\">\u00a0<\/span><\/p><\/div><\/div>\n\t\t\t\t<\/div>\n\t\t\t\t\t\t\t\t<\/div>\n\t\t\t\t\t\t<\/div>\n\t\t\t\t<\/div>\n\t\t\t\t\t<\/div>\n\t\t<\/div>\n\t\t\t\t\t<\/div>\n\t\t<\/section>\n\t\t\t\t<\/div>","protected":false},"excerpt":{"rendered":"<p>How can I order? We can accept your order via email. Please provide the type and year of your boat, and your email address. We will be happy to respond. How much does the product cost? We can accept your &hellip; <a href=\"https:\/\/ixisailing.com\/hu\/faq\/\">Read More<\/a><\/p>","protected":false},"author":1,"featured_media":0,"parent":0,"menu_order":2,"comment_status":"closed","ping_status":"closed","template":"","meta":{"footnotes":""},"class_list":["post-531","page","type-page","status-publish","hentry"],"_links":{"self":[{"href":"https:\/\/ixisailing.com\/hu\/wp-json\/wp\/v2\/pages\/531","targetHints":{"allow":["GET"]}}],"collection":[{"href":"https:\/\/ixisailing.com\/hu\/wp-json\/wp\/v2\/pages"}],"about":[{"href":"https:\/\/ixisailing.com\/hu\/wp-json\/wp\/v2\/types\/page"}],"author":[{"embeddable":true,"href":"https:\/\/ixisailing.com\/hu\/wp-json\/wp\/v2\/users\/1"}],"replies":[{"embeddable":true,"href":"https:\/\/ixisailing.com\/hu\/wp-json\/wp\/v2\/comments?post=531"}],"version-history":[{"count":8,"href":"https:\/\/ixisailing.com\/hu\/wp-json\/wp\/v2\/pages\/531\/revisions"}],"predecessor-version":[{"id":917,"href":"https:\/\/ixisailing.com\/hu\/wp-json\/wp\/v2\/pages\/531\/revisions\/917"}],"wp:attachment":[{"href":"https:\/\/ixisailing.com\/hu\/wp-json\/wp\/v2\/media?parent=531"}],"curies":[{"name":"wp","href":"https:\/\/api.w.org\/{rel}","templated":true}]}}